{"id":593377,"date":"2026-04-01T07:17:01","date_gmt":"2026-04-01T07:17:01","guid":{"rendered":"https:\/\/www.demeglio.it\/?page_id=593377"},"modified":"2026-04-01T07:18:27","modified_gmt":"2026-04-01T07:18:27","slug":"supply-chain-policy","status":"publish","type":"page","link":"https:\/\/www.demeglio.it\/en\/supply-chain-policy\/","title":{"rendered":"Supply Chain Policy"},"content":{"rendered":"<div data-elementor-type=\"wp-page\" data-elementor-id=\"593377\" class=\"elementor elementor-593377\">\n\t\t\t\t<div class=\"elementor-element elementor-element-631e2a9d policy-text e-flex e-con-boxed e-con e-parent\" data-id=\"631e2a9d\" data-element_type=\"container\">\n\t\t\t\t\t<div class=\"e-con-inner\">\n\t\t<div class=\"elementor-element elementor-element-68f0ec66 policy-text e-flex e-con-boxed e-con e-child\" data-id=\"68f0ec66\" data-element_type=\"container\">\n\t\t\t\t\t<div class=\"e-con-inner\">\n\t\t\t\t<div class=\"elementor-element elementor-element-5013127 elementor-widget elementor-widget-heading\" data-id=\"5013127\" data-element_type=\"widget\" data-widget_type=\"heading.default\">\n\t\t\t\t<div class=\"elementor-widget-container\">\n\t\t\t<style>\/*! elementor - v3.22.0 - 17-06-2024 *\/\n.elementor-heading-title{padding:0;margin:0;line-height:1}.elementor-widget-heading .elementor-heading-title[class*=elementor-size-]>a{color:inherit;font-size:inherit;line-height:inherit}.elementor-widget-heading .elementor-heading-title.elementor-size-small{font-size:15px}.elementor-widget-heading .elementor-heading-title.elementor-size-medium{font-size:19px}.elementor-widget-heading .elementor-heading-title.elementor-size-large{font-size:29px}.elementor-widget-heading .elementor-heading-title.elementor-size-xl{font-size:39px}.elementor-widget-heading .elementor-heading-title.elementor-size-xxl{font-size:59px}<\/style><h1 class=\"elementor-heading-title elementor-size-default\">SUPPLY CHAIN POLICY<\/h1>\t\t<\/div>\n\t\t\t\t<\/div>\n\t\t\t\t<div class=\"elementor-element elementor-element-43c88ea4 legal-txt elementor-widget elementor-widget-text-editor\" data-id=\"43c88ea4\" data-element_type=\"widget\" data-widget_type=\"text-editor.default\">\n\t\t\t\t<div class=\"elementor-widget-container\">\n\t\t\t<style>\/*! elementor - v3.22.0 - 17-06-2024 *\/\n.elementor-widget-text-editor.elementor-drop-cap-view-stacked .elementor-drop-cap{background-color:#69727d;color:#fff}.elementor-widget-text-editor.elementor-drop-cap-view-framed .elementor-drop-cap{color:#69727d;border:3px solid;background-color:transparent}.elementor-widget-text-editor:not(.elementor-drop-cap-view-default) .elementor-drop-cap{margin-top:8px}.elementor-widget-text-editor:not(.elementor-drop-cap-view-default) .elementor-drop-cap-letter{width:1em;height:1em}.elementor-widget-text-editor .elementor-drop-cap{float:left;text-align:center;line-height:1;font-size:50px}.elementor-widget-text-editor .elementor-drop-cap-letter{display:inline-block}<\/style>\t\t\t\t<p><strong>Demeglio SPA<\/strong> operante nel settore della progettazione e produzione di gioielli, coerentemente con quanto previsto dalle volont\u00e0 della Direzione Generale, dichiara il proprio impegno a gestire e sviluppare la propria catena di fornitura sui requisiti stabiliti dal Responsible Jewellery Council e secondo i requisiti della OECD Due Diligence Guidance for Responsible Supply Chains of Minerals from Conflict-Affected and High-Risk Areas.<\/p><p>Pertanto,<\/p><p><em>Per quanto riguarda i gravi abusi associati all&#8217;estrazione, trasporto o commercio di minerali:<\/em><\/p><p>Non tollereremo, n\u00e9 in alcun modo trarremo profitto da, contribuiremo, assisteremo o agevoleremo<\/p><p>la commissione, da parte di qualsiasi soggetto, di:<\/p><p>\u00a0 \u00a0&#8211; qualsiasi forma di tortura, trattamento crudele, inumano e degradante;<\/p><p>\u00a0 \u00a0&#8211; qualsiasi forma di lavoro forzato o obbligatorio, che significa lavoro o servizio che viene richiesto a qualsiasi persona sotto la minaccia di una pena e per il quale la persona in questione non si \u00e8 offerta volontariamente;<\/p><p>\u00a0 \u00a0&#8211; le peggiori forme di lavoro minorile;<\/p><p>\u00a0 \u00a0&#8211; altre gravi violazioni dei diritti umani e abusi come la violenza sessuale;<\/p><p>\u00a0 \u00a0&#8211; crimini di guerra o altre gravi violazioni del diritto internazionale umanitario, crimini contro l&#8217;umanit\u00e0 o genocidio.<\/p><p><em>Per quanto riguarda la gestione del rischio di gravi abusi: <\/em><\/p><p>Sospenderemo immediatamente o interromperemo l&#8217;impegno con i fornitori a monte qualora individuassimo un rischio ragionevole che essi si riforniscano da, o siano collegati a una parte che commette gravi abusi.<\/p><p><em>Per quanto riguarda il sostegno diretto o indiretto a gruppi armati non statali:<\/em><\/p><p>Non tollereremo alcun sostegno <em>diretto<\/em> o <em>indiretto<\/em> a gruppi armati non statali attraverso l&#8217;estrazione, il trasporto, il commercio, la manipolazione o l&#8217;esportazione di minerali.<\/p><p>Il sostegno diretto o indiretto a gruppi armati non statali attraverso l&#8217;estrazione, trasporto, commercio, manipolazione o esportazione di minerali include, ma non si limita a, l&#8217;approvvigionamento di minerali, l&#8217;effettuazione di pagamenti o la fornitura di assistenza logistica o di attrezzature o assistenza logistica o attrezzature a gruppi armati non statali o a loro affiliati che:<\/p><p>\u00a0 \u00a0&#8211; controllano illegalmente i siti minerari o controllano in altro modo le vie di trasporto;<\/p><p>\u00a0 \u00a0&#8211; controllano illegalmente i siti minerari o controllano in altro modo le vie di trasporto, i punti di scambio dei minerali e gli attori a monte della catena di approvvigionamento;<\/p><p>\u00a0 \u00a0&#8211; tassano o estorcono illegalmente denaro o minerali nei punti di accesso ai siti minerari, lungo le vie di trasporto o nei punti in cui i minerali vengono commercializzati;<\/p><p>\u00a0 \u00a0&#8211; tassare o estorcere illegalmente denaro o minerali a intermediari, societ\u00e0 di esportazione o commercianti internazionali.<\/p><p><em>Per quanto riguarda la gestione del rischio del sostegno diretto o indiretto a gruppi armati non statali:<\/em><\/p><p>Sospenderemo o interromperemo immediatamente l&#8217;impegno con fornitori a monte qualora individuassimo un rischio ragionevole che essi si riforniscano da, o siano o collegati a una parte che fornisce sostegno diretto o indiretto a gruppi armati non statali.<\/p><p><em>Per quanto riguarda le forze di sicurezza pubbliche o private:<\/em><\/p><p>Concordiamo di eliminare, il sostegno diretto o indiretto alle forze di sicurezza pubbliche o private che:<\/p><p>\u00a0 \u00a0&#8211; controllano illegalmente i siti minerari, le vie di trasporto e gli attori a monte della catena di approvvigionamento;<\/p><p>\u00a0 \u00a0&#8211; tassano illegalmente o estorcono denaro o minerali nei punti di accesso ai siti minerari, lungo le vie di trasporto o nei punti in cui i minerali lungo le rotte di trasporto o nei punti in cui i minerali vengono commercializzati;<\/p><p>\u00a0 \u00a0&#8211; tassano o estorcono illegalmente denaro o minerali nei punti di accesso ai siti minerari, lungo le rotte di trasporto o nei punti in cui i minerali vengono commercializzati, \u00a0<\/p><p>\u00a0 \u00a0&#8211; tassano o estorcono illegalmente intermediari, societ\u00e0 di esportazione o commercianti internazionali.<\/p><p>Riconosciamo che il ruolo delle forze di sicurezza pubbliche o private presso i siti minerari e\/o le aree circostanti e\/o lungo le vie di trasporto debba essere esclusivamente quello di mantenere lo stato di diritto, compresa la salvaguardia dei diritti umani, garantire la sicurezza dei lavoratori, delle attrezzature e delle strutture della miniera e proteggere il sito minerario o le vie di trasporto da interferenze con l&#8217;estrazione e il commercio legittimi.<\/p><p>Quando noi o qualsiasi azienda della nostra catena di fornitura contrattiamo con forze di sicurezza pubbliche o private ci impegniamo o richiederemo che tali forze di sicurezza di sicurezza siano impiegate in conformit\u00e0 con i Principi Volontari sulla Sicurezza e i Diritti Umani. In particolare, sosterremo o adotteremo misure di screening per assicurare che individui o unit\u00e0 delle forze di sicurezza che si sono resi responsabili di gravi violazioni dei diritti umani non vengano assunti. Sosterremo gli sforzi, o prenderemo provvedimenti, per impegnarci con le autorit\u00e0 centrali e locali, le organizzazioni internazionali e le organizzazioni della societ\u00e0 civile autorit\u00e0 centrali o locali, organizzazioni internazionali e organizzazioni della societ\u00e0 civile per contribuire a soluzioni praticabili sulle modalit\u00e0 di trasparenza, proporzionalit\u00e0 e responsabilit\u00e0 nei pagamenti effettuati alle forze di sicurezza pubbliche per la fornitura di sicurezza. Sosterremo gli sforzi, o prenderemo provvedimenti, per impegnarci con le autorit\u00e0 locali, organizzazioni internazionali e organizzazioni della societ\u00e0 civile per evitare o minimizzare l&#8217;esposizione dei gruppi vulnerabili, in particolare dei minatori artigianali dove i minerali della catena di approvvigionamento sono estratti in modo artigianale o su piccola scala, a impatti negativi associati alla presenza di forze di sicurezza, pubbliche o private, nei siti minerari.<\/p><p><em>Per quanto riguarda la gestione dei rischi delle forze di sicurezza pubbliche o private:<\/em><\/p><p>In conformit\u00e0 con la posizione specifica dell&#8217;azienda nella catena di fornitura, elaboreremo, adotteremo e implementeremo immediatamente catena di fornitura, elaboreremo, adotteremo e implementeremo immediatamente un piano di gestione del rischio piano di gestione del rischio con i fornitori a monte e le altre parti interessate per prevenire o mitigare il rischio di sostegno diretto o indiretto alle forze di sicurezza pubbliche o private, come identificato precedentemente laddove si ravvisi l&#8217;esistenza di tale rischio. In questi casi, sospenderemo o interromperemo l&#8217;impegno con i fornitori a monte dopo aver fallito i tentativi di mitigazione entro sei mesi dall&#8217;adozione del piano di gestione del rischio.<\/p><p><em>Per quanto riguarda la corruzione e la falsa dichiarazione fraudolenta dell&#8217;origine dei minerali:<\/em><\/p><p>Non offriremo, prometteremo, daremo o chiederemo tangenti e ci opporremo alla sollecitazione di tangenti per nascondere o mascherare l&#8217;origine dei minerali, di dichiarare erroneamente le tasse, i diritti e le royalties pagate ai governi per fini dell&#8217;estrazione, del commercio, della movimentazione, del trasporto e dell&#8217;esportazione dei minerali.<\/p><p><em>Per quanto riguarda il riciclaggio di denaro:<\/em><\/p><p>Sosterremo gli sforzi, o adotteremo misure, per contribuire all&#8217;effettiva eliminazione del riciclaggio di denaro laddove individuiamo un rischio ragionevole di riciclaggio di denaro derivante da, o collegato a, l&#8217;estrazione, il commercio, manipolazione, trasporto o esportazione di minerali derivanti dalla tassazione illegale o dall&#8217;estorsione di minerali nei punti di accesso ai siti minerari, lungo i percorsi di trasporto o nei punti in cui i minerali sono commercializzati dai fornitori a monte.<\/p><p><em>Per quanto riguarda il pagamento di imposte, tasse e royalties dovute ai governi:<\/em><\/p><p>Ci assicureremo che tutte le tasse, i diritti e le royalties relative all&#8217;estrazione di minerali, al commercio e all&#8217;esportazione da aree di conflitto e ad alto rischio siano in conformit\u00e0 con la posizione dell&#8217;azienda nella catena di fornitura, ci impegniamo a divulgare le tasse e le royalties lungo la catena di fornitura, ci impegniamo a divulgare tali pagamenti in conformit\u00e0 ai principi stabiliti dall&#8217;Iniziativa per la trasparenza dell&#8217;industria estrattiva (EITI).<\/p><p><em>\u00a0<\/em><\/p><p><em>Per quanto riguarda la gestione del rischio di corruzione e di frode, dichiarazione fraudolenta dell&#8217;origine dei minerali, il riciclaggio di denaro e il pagamento di tasse, tariffe e royalties ai governi:<\/em><\/p><p>In base alla posizione specifica dell&#8217;azienda nella catena di fornitura, ci impegniamo a coinvolgere i la catena di fornitura, ci impegniamo a collaborare con i fornitori, le autorit\u00e0 governative centrali o locali, le organizzazioni internazionali, la societ\u00e0 civile e i governi, a seconda dei casi per migliorare e monitorare le prestazioni al fine di prevenire o mitigare i rischi di impatti negativi attraverso misure misurabili e in tempi ragionevoli. Sospenderemo o interromperemo l&#8217;impegno con i fornitori a monte dopo il fallimento dei tentativi di mitigazione.<\/p><p>\u00a0<\/p><p>Data: 29\/01\/2026<\/p>\t\t\t\t\t\t<\/div>\n\t\t\t\t<\/div>\n\t\t\t\t\t<\/div>\n\t\t\t\t<\/div>\n\t\t\t\t\t<\/div>\n\t\t\t\t<\/div>\n\t\t\t\t<\/div>","protected":false},"excerpt":{"rendered":"<p>SUPPLY CHAIN POLICY Demeglio SPA operante nel settore della progettazione e produzione di gioielli, coerentemente con quanto previsto dalle volont\u00e0 della Direzione Generale, dichiara il proprio impegno a gestire e sviluppare la propria catena di fornitura sui requisiti stabiliti dal Responsible Jewellery Council e secondo i requisiti della OECD Due Diligence Guidance for Responsible Supply [&hellip;]<\/p>","protected":false},"author":1,"featured_media":0,"parent":0,"menu_order":0,"comment_status":"closed","ping_status":"closed","template":"","meta":{"footnotes":""},"class_list":["post-593377","page","type-page","status-publish","hentry"],"yoast_head":"<!-- This site is optimized with the Yoast SEO plugin v22.9 - https:\/\/yoast.com\/wordpress\/plugins\/seo\/ -->\n<title>Supply Chain Policy - Demeglio<\/title>\n<meta name=\"robots\" content=\"index, follow, max-snippet:-1, max-image-preview:large, max-video-preview:-1\" \/>\n<link rel=\"canonical\" href=\"https:\/\/www.demeglio.it\/en\/supply-chain-policy\/\" \/>\n<meta property=\"og:locale\" content=\"en_US\" \/>\n<meta property=\"og:type\" content=\"article\" \/>\n<meta property=\"og:title\" content=\"Supply Chain Policy - Demeglio\" \/>\n<meta property=\"og:description\" content=\"SUPPLY CHAIN POLICY Demeglio SPA operante nel settore della progettazione e produzione di gioielli, coerentemente con quanto previsto dalle volont\u00e0 della Direzione Generale, dichiara il proprio impegno a gestire e sviluppare la propria catena di fornitura sui requisiti stabiliti dal Responsible Jewellery Council e secondo i requisiti della OECD Due Diligence Guidance for Responsible Supply [&hellip;]\" \/>\n<meta property=\"og:url\" content=\"https:\/\/www.demeglio.it\/en\/supply-chain-policy\/\" \/>\n<meta property=\"og:site_name\" content=\"Demeglio\" \/>\n<meta property=\"article:publisher\" content=\"https:\/\/www.facebook.com\/robertodemeglio\/\" \/>\n<meta property=\"article:modified_time\" content=\"2026-04-01T07:18:27+00:00\" \/>\n<meta name=\"twitter:card\" content=\"summary_large_image\" \/>\n<meta name=\"twitter:label1\" content=\"Est. reading time\" \/>\n\t<meta name=\"twitter:data1\" content=\"7 minutes\" \/>\n<script type=\"application\/ld+json\" class=\"yoast-schema-graph\">{\"@context\":\"https:\/\/schema.org\",\"@graph\":[{\"@type\":\"WebPage\",\"@id\":\"https:\/\/www.demeglio.it\/supply-chain-policy\/\",\"url\":\"https:\/\/www.demeglio.it\/supply-chain-policy\/\",\"name\":\"Supply Chain Policy - Demeglio\",\"isPartOf\":{\"@id\":\"https:\/\/www.demeglio.it\/en\/#website\"},\"datePublished\":\"2026-04-01T07:17:01+00:00\",\"dateModified\":\"2026-04-01T07:18:27+00:00\",\"breadcrumb\":{\"@id\":\"https:\/\/www.demeglio.it\/supply-chain-policy\/#breadcrumb\"},\"inLanguage\":\"en-US\",\"potentialAction\":[{\"@type\":\"ReadAction\",\"target\":[\"https:\/\/www.demeglio.it\/supply-chain-policy\/\"]}]},{\"@type\":\"BreadcrumbList\",\"@id\":\"https:\/\/www.demeglio.it\/supply-chain-policy\/#breadcrumb\",\"itemListElement\":[{\"@type\":\"ListItem\",\"position\":1,\"name\":\"Home\",\"item\":\"https:\/\/www.demeglio.it\/\"},{\"@type\":\"ListItem\",\"position\":2,\"name\":\"Supply Chain Policy\"}]},{\"@type\":\"WebSite\",\"@id\":\"https:\/\/www.demeglio.it\/en\/#website\",\"url\":\"https:\/\/www.demeglio.it\/en\/\",\"name\":\"Demeglio\",\"description\":\"\",\"publisher\":{\"@id\":\"https:\/\/www.demeglio.it\/en\/#organization\"},\"potentialAction\":[{\"@type\":\"SearchAction\",\"target\":{\"@type\":\"EntryPoint\",\"urlTemplate\":\"https:\/\/www.demeglio.it\/en\/?s={search_term_string}\"},\"query-input\":\"required name=search_term_string\"}],\"inLanguage\":\"en-US\"},{\"@type\":\"Organization\",\"@id\":\"https:\/\/www.demeglio.it\/en\/#organization\",\"name\":\"Demeglio\",\"url\":\"https:\/\/www.demeglio.it\/en\/\",\"logo\":{\"@type\":\"ImageObject\",\"inLanguage\":\"en-US\",\"@id\":\"https:\/\/www.demeglio.it\/en\/#\/schema\/logo\/image\/\",\"url\":\"https:\/\/www.demeglio.it\/wp-content\/uploads\/2023\/11\/DEMEGLIO-LOGO-virgola.png\",\"contentUrl\":\"https:\/\/www.demeglio.it\/wp-content\/uploads\/2023\/11\/DEMEGLIO-LOGO-virgola.png\",\"width\":1245,\"height\":757,\"caption\":\"Demeglio\"},\"image\":{\"@id\":\"https:\/\/www.demeglio.it\/en\/#\/schema\/logo\/image\/\"},\"sameAs\":[\"https:\/\/www.facebook.com\/robertodemeglio\/\",\"https:\/\/www.instagram.com\/demegliojewelry\/\"]}]}<\/script>\n<!-- \/ Yoast SEO plugin. -->","yoast_head_json":{"title":"Supply Chain Policy - Demeglio","robots":{"index":"index","follow":"follow","max-snippet":"max-snippet:-1","max-image-preview":"max-image-preview:large","max-video-preview":"max-video-preview:-1"},"canonical":"https:\/\/www.demeglio.it\/en\/supply-chain-policy\/","og_locale":"en_US","og_type":"article","og_title":"Supply Chain Policy - Demeglio","og_description":"SUPPLY CHAIN POLICY Demeglio SPA operante nel settore della progettazione e produzione di gioielli, coerentemente con quanto previsto dalle volont\u00e0 della Direzione Generale, dichiara il proprio impegno a gestire e sviluppare la propria catena di fornitura sui requisiti stabiliti dal Responsible Jewellery Council e secondo i requisiti della OECD Due Diligence Guidance for Responsible Supply [&hellip;]","og_url":"https:\/\/www.demeglio.it\/en\/supply-chain-policy\/","og_site_name":"Demeglio","article_publisher":"https:\/\/www.facebook.com\/robertodemeglio\/","article_modified_time":"2026-04-01T07:18:27+00:00","twitter_card":"summary_large_image","twitter_misc":{"Est. reading time":"7 minutes"},"schema":{"@context":"https:\/\/schema.org","@graph":[{"@type":"WebPage","@id":"https:\/\/www.demeglio.it\/supply-chain-policy\/","url":"https:\/\/www.demeglio.it\/supply-chain-policy\/","name":"Supply Chain Policy - Demeglio","isPartOf":{"@id":"https:\/\/www.demeglio.it\/en\/#website"},"datePublished":"2026-04-01T07:17:01+00:00","dateModified":"2026-04-01T07:18:27+00:00","breadcrumb":{"@id":"https:\/\/www.demeglio.it\/supply-chain-policy\/#breadcrumb"},"inLanguage":"en-US","potentialAction":[{"@type":"ReadAction","target":["https:\/\/www.demeglio.it\/supply-chain-policy\/"]}]},{"@type":"BreadcrumbList","@id":"https:\/\/www.demeglio.it\/supply-chain-policy\/#breadcrumb","itemListElement":[{"@type":"ListItem","position":1,"name":"Home","item":"https:\/\/www.demeglio.it\/"},{"@type":"ListItem","position":2,"name":"Supply Chain Policy"}]},{"@type":"WebSite","@id":"https:\/\/www.demeglio.it\/en\/#website","url":"https:\/\/www.demeglio.it\/en\/","name":"Demeglio","description":"","publisher":{"@id":"https:\/\/www.demeglio.it\/en\/#organization"},"potentialAction":[{"@type":"SearchAction","target":{"@type":"EntryPoint","urlTemplate":"https:\/\/www.demeglio.it\/en\/?s={search_term_string}"},"query-input":"required name=search_term_string"}],"inLanguage":"en-US"},{"@type":"Organization","@id":"https:\/\/www.demeglio.it\/en\/#organization","name":"Demeglio","url":"https:\/\/www.demeglio.it\/en\/","logo":{"@type":"ImageObject","inLanguage":"en-US","@id":"https:\/\/www.demeglio.it\/en\/#\/schema\/logo\/image\/","url":"https:\/\/www.demeglio.it\/wp-content\/uploads\/2023\/11\/DEMEGLIO-LOGO-virgola.png","contentUrl":"https:\/\/www.demeglio.it\/wp-content\/uploads\/2023\/11\/DEMEGLIO-LOGO-virgola.png","width":1245,"height":757,"caption":"Demeglio"},"image":{"@id":"https:\/\/www.demeglio.it\/en\/#\/schema\/logo\/image\/"},"sameAs":["https:\/\/www.facebook.com\/robertodemeglio\/","https:\/\/www.instagram.com\/demegliojewelry\/"]}]}},"jetpack_sharing_enabled":true,"_links":{"self":[{"href":"https:\/\/www.demeglio.it\/en\/wp-json\/wp\/v2\/pages\/593377","targetHints":{"allow":["GET"]}}],"collection":[{"href":"https:\/\/www.demeglio.it\/en\/wp-json\/wp\/v2\/pages"}],"about":[{"href":"https:\/\/www.demeglio.it\/en\/wp-json\/wp\/v2\/types\/page"}],"author":[{"embeddable":true,"href":"https:\/\/www.demeglio.it\/en\/wp-json\/wp\/v2\/users\/1"}],"replies":[{"embeddable":true,"href":"https:\/\/www.demeglio.it\/en\/wp-json\/wp\/v2\/comments?post=593377"}],"version-history":[{"count":4,"href":"https:\/\/www.demeglio.it\/en\/wp-json\/wp\/v2\/pages\/593377\/revisions"}],"predecessor-version":[{"id":593390,"href":"https:\/\/www.demeglio.it\/en\/wp-json\/wp\/v2\/pages\/593377\/revisions\/593390"}],"wp:attachment":[{"href":"https:\/\/www.demeglio.it\/en\/wp-json\/wp\/v2\/media?parent=593377"}],"curies":[{"name":"wp","href":"https:\/\/api.w.org\/{rel}","templated":true}]}}