{"id":593391,"date":"2026-04-01T07:19:13","date_gmt":"2026-04-01T07:19:13","guid":{"rendered":"https:\/\/www.demeglio.it\/?page_id=593391"},"modified":"2026-04-01T07:20:15","modified_gmt":"2026-04-01T07:20:15","slug":"rendicontazione-finanziaria","status":"publish","type":"page","link":"https:\/\/www.demeglio.it\/en\/rendicontazione-finanziaria\/","title":{"rendered":"Financial Reporting"},"content":{"rendered":"<div data-elementor-type=\"wp-page\" data-elementor-id=\"593391\" class=\"elementor elementor-593391\">\n\t\t\t\t<div class=\"elementor-element elementor-element-742b51f5 policy-text e-flex e-con-boxed e-con e-parent\" data-id=\"742b51f5\" data-element_type=\"container\">\n\t\t\t\t\t<div class=\"e-con-inner\">\n\t\t<div class=\"elementor-element elementor-element-77cf9183 policy-text e-flex e-con-boxed e-con e-child\" data-id=\"77cf9183\" data-element_type=\"container\">\n\t\t\t\t\t<div class=\"e-con-inner\">\n\t\t\t\t<div class=\"elementor-element elementor-element-4c923830 elementor-widget elementor-widget-heading\" data-id=\"4c923830\" data-element_type=\"widget\" data-widget_type=\"heading.default\">\n\t\t\t\t<div class=\"elementor-widget-container\">\n\t\t\t<style>\/*! elementor - v3.22.0 - 17-06-2024 *\/\n.elementor-heading-title{padding:0;margin:0;line-height:1}.elementor-widget-heading .elementor-heading-title[class*=elementor-size-]>a{color:inherit;font-size:inherit;line-height:inherit}.elementor-widget-heading .elementor-heading-title.elementor-size-small{font-size:15px}.elementor-widget-heading .elementor-heading-title.elementor-size-medium{font-size:19px}.elementor-widget-heading .elementor-heading-title.elementor-size-large{font-size:29px}.elementor-widget-heading .elementor-heading-title.elementor-size-xl{font-size:39px}.elementor-widget-heading .elementor-heading-title.elementor-size-xxl{font-size:59px}<\/style><h1 class=\"elementor-heading-title elementor-size-default\">RENDICONTAZIONE FINANZIARIA<\/h1>\t\t<\/div>\n\t\t\t\t<\/div>\n\t\t\t\t<div class=\"elementor-element elementor-element-30d70c26 legal-txt elementor-widget elementor-widget-text-editor\" data-id=\"30d70c26\" data-element_type=\"widget\" data-widget_type=\"text-editor.default\">\n\t\t\t\t<div class=\"elementor-widget-container\">\n\t\t\t<style>\/*! elementor - v3.22.0 - 17-06-2024 *\/\n.elementor-widget-text-editor.elementor-drop-cap-view-stacked .elementor-drop-cap{background-color:#69727d;color:#fff}.elementor-widget-text-editor.elementor-drop-cap-view-framed .elementor-drop-cap{color:#69727d;border:3px solid;background-color:transparent}.elementor-widget-text-editor:not(.elementor-drop-cap-view-default) .elementor-drop-cap{margin-top:8px}.elementor-widget-text-editor:not(.elementor-drop-cap-view-default) .elementor-drop-cap-letter{width:1em;height:1em}.elementor-widget-text-editor .elementor-drop-cap{float:left;text-align:center;line-height:1;font-size:50px}.elementor-widget-text-editor .elementor-drop-cap-letter{display:inline-block}<\/style>\t\t\t\t<p><strong>Demeglio spa<\/strong>,<\/p><p>operante nel settore della produzione di gioielli, coerentemente con la volont\u00e0 della Direzione aziendale, dichiara il proprio impegno a gestire e sviluppare le proprie attivit\u00e0 in una costante attenzione e miglioramento continuo della qualit\u00e0 servizi nel rispetto dei Diritti Umani, dell\u2019Etica degli Affari, della salute e sicurezza nei luoghi di lavoro e della protezione dell\u2019ambiente.<\/p><p>\u00a0I principi etici che stanno alla base dell\u2019azienda sono riepilogati nella Politica generale aziendale diffusa e condivisa con tutti gli interlocutori che hanno rapporti di qualsivoglia natura con l\u2019Organizzazione.<\/p><p>L\u2019implementazione e gestione del proprio Sistema Organizzativo \u00e8 imperniato sui dettami del Responsible Jewellery Council e del OECD Due Diligence Guidance for Responsible Supply Chains of Minerals from Cahra.<\/p><p>Lavoriamo per stabilire solidi sistemi di gestione aziendale adottando una politica della catena di approvvigionamento che afferma il nostro impegno nel rispetto dell&#8217;uomo e dei suoi diritti al fine di evitare di contribuire al finanziamento di conflitto rispettando tutte le pertinenti risoluzioni e leggi emanate dalle Nazioni Unite e dalle associazioni globali competenti in materia.<\/p><p>Chiediamo che i nostri valori e principi siano diffusi e condivisi da tutte le nostre controparti mediante diffusione della Politica Aziendale e richiesta di accettazione della stessa.<\/p><p>L\u2019identificazione dei rischi legati alla catena di fornitura prevede l\u2019utilizzo di un questionario specifico inviato ai nostri fornitori secondo gli indicatori di rischio richiamati dal supplemento alle linee guida OECD \u201cDue Diligence Guidance for Responsible Supply Chains of Minerals from Cahra\u201d integrata da requisiti aggiuntivi circa il rispetto dei Diritti Umani, delle normative in materia di Salute e Sicurezza sui luoghi di lavoro e rispetto delle normative ambientali.<\/p><p>Tutte le nostre transazioni sono effettuate solo ed esclusivamente se il livello di rischio valutato per la controparte in questione \u00e8 accettabile. Per la natura della nostra attivit\u00e0 non sono ipotizzabili transazioni a rischio.<\/p><p>Incoraggiamo le nostre controparti a segnalare qualsiasi reclamo il prima possibile tramite la mail <u>alessandra.pollini@demeglio.it<\/u><\/p><p>La responsabilit\u00e0 della gestione del reclamo \u00e8 in capo alla Direzione.<\/p><p>Dichiariamo che durante il periodo di applicazione del RJC Code of Practices, non si sono rilevati scostamenti al Codice di Procedura, non si sono rilevate transazioni a rischio nella Supply Chain in base alla \u201cOECD Due Diligence Guidance for Responsible Supply Chains of Minerals from Cahra\u201d e tutte le transazioni processate sono a basso rischio.<\/p><p>\u00a0<\/p><p>Data: 29\/01\/2026<\/p>\t\t\t\t\t\t<\/div>\n\t\t\t\t<\/div>\n\t\t\t\t\t<\/div>\n\t\t\t\t<\/div>\n\t\t\t\t\t<\/div>\n\t\t\t\t<\/div>\n\t\t\t\t<\/div>","protected":false},"excerpt":{"rendered":"<p>RENDICONTAZIONE FINANZIARIA Demeglio spa, operante nel settore della produzione di gioielli, coerentemente con la volont\u00e0 della Direzione aziendale, dichiara il proprio impegno a gestire e sviluppare le proprie attivit\u00e0 in una costante attenzione e miglioramento continuo della qualit\u00e0 servizi nel rispetto dei Diritti Umani, dell\u2019Etica degli Affari, della salute e sicurezza nei luoghi di lavoro [&hellip;]<\/p>","protected":false},"author":1,"featured_media":0,"parent":0,"menu_order":0,"comment_status":"closed","ping_status":"closed","template":"","meta":{"footnotes":""},"class_list":["post-593391","page","type-page","status-publish","hentry"],"yoast_head":"<!-- This site is optimized with the Yoast SEO plugin v22.9 - https:\/\/yoast.com\/wordpress\/plugins\/seo\/ -->\n<title>Rendicontazione finanziaria - Demeglio<\/title>\n<meta name=\"robots\" content=\"index, follow, max-snippet:-1, max-image-preview:large, max-video-preview:-1\" \/>\n<link rel=\"canonical\" href=\"https:\/\/www.demeglio.it\/en\/rendicontazione-finanziaria\/\" \/>\n<meta property=\"og:locale\" content=\"en_US\" \/>\n<meta property=\"og:type\" content=\"article\" \/>\n<meta property=\"og:title\" content=\"Rendicontazione finanziaria - Demeglio\" \/>\n<meta property=\"og:description\" content=\"RENDICONTAZIONE FINANZIARIA Demeglio spa, operante nel settore della produzione di gioielli, coerentemente con la volont\u00e0 della Direzione aziendale, dichiara il proprio impegno a gestire e sviluppare le proprie attivit\u00e0 in una costante attenzione e miglioramento continuo della qualit\u00e0 servizi nel rispetto dei Diritti Umani, dell\u2019Etica degli Affari, della salute e sicurezza nei luoghi di lavoro [&hellip;]\" \/>\n<meta property=\"og:url\" content=\"https:\/\/www.demeglio.it\/en\/rendicontazione-finanziaria\/\" \/>\n<meta property=\"og:site_name\" content=\"Demeglio\" \/>\n<meta property=\"article:publisher\" content=\"https:\/\/www.facebook.com\/robertodemeglio\/\" \/>\n<meta property=\"article:modified_time\" content=\"2026-04-01T07:20:15+00:00\" \/>\n<meta name=\"twitter:card\" content=\"summary_large_image\" \/>\n<meta name=\"twitter:label1\" content=\"Est. reading time\" \/>\n\t<meta name=\"twitter:data1\" content=\"3 minutes\" \/>\n<script type=\"application\/ld+json\" class=\"yoast-schema-graph\">{\"@context\":\"https:\/\/schema.org\",\"@graph\":[{\"@type\":\"WebPage\",\"@id\":\"https:\/\/www.demeglio.it\/rendicontazione-finanziaria\/\",\"url\":\"https:\/\/www.demeglio.it\/rendicontazione-finanziaria\/\",\"name\":\"Rendicontazione finanziaria - Demeglio\",\"isPartOf\":{\"@id\":\"https:\/\/www.demeglio.it\/en\/#website\"},\"datePublished\":\"2026-04-01T07:19:13+00:00\",\"dateModified\":\"2026-04-01T07:20:15+00:00\",\"breadcrumb\":{\"@id\":\"https:\/\/www.demeglio.it\/rendicontazione-finanziaria\/#breadcrumb\"},\"inLanguage\":\"en-US\",\"potentialAction\":[{\"@type\":\"ReadAction\",\"target\":[\"https:\/\/www.demeglio.it\/rendicontazione-finanziaria\/\"]}]},{\"@type\":\"BreadcrumbList\",\"@id\":\"https:\/\/www.demeglio.it\/rendicontazione-finanziaria\/#breadcrumb\",\"itemListElement\":[{\"@type\":\"ListItem\",\"position\":1,\"name\":\"Home\",\"item\":\"https:\/\/www.demeglio.it\/\"},{\"@type\":\"ListItem\",\"position\":2,\"name\":\"Rendicontazione finanziaria\"}]},{\"@type\":\"WebSite\",\"@id\":\"https:\/\/www.demeglio.it\/en\/#website\",\"url\":\"https:\/\/www.demeglio.it\/en\/\",\"name\":\"Demeglio\",\"description\":\"\",\"publisher\":{\"@id\":\"https:\/\/www.demeglio.it\/en\/#organization\"},\"potentialAction\":[{\"@type\":\"SearchAction\",\"target\":{\"@type\":\"EntryPoint\",\"urlTemplate\":\"https:\/\/www.demeglio.it\/en\/?s={search_term_string}\"},\"query-input\":\"required name=search_term_string\"}],\"inLanguage\":\"en-US\"},{\"@type\":\"Organization\",\"@id\":\"https:\/\/www.demeglio.it\/en\/#organization\",\"name\":\"Demeglio\",\"url\":\"https:\/\/www.demeglio.it\/en\/\",\"logo\":{\"@type\":\"ImageObject\",\"inLanguage\":\"en-US\",\"@id\":\"https:\/\/www.demeglio.it\/en\/#\/schema\/logo\/image\/\",\"url\":\"https:\/\/www.demeglio.it\/wp-content\/uploads\/2023\/11\/DEMEGLIO-LOGO-virgola.png\",\"contentUrl\":\"https:\/\/www.demeglio.it\/wp-content\/uploads\/2023\/11\/DEMEGLIO-LOGO-virgola.png\",\"width\":1245,\"height\":757,\"caption\":\"Demeglio\"},\"image\":{\"@id\":\"https:\/\/www.demeglio.it\/en\/#\/schema\/logo\/image\/\"},\"sameAs\":[\"https:\/\/www.facebook.com\/robertodemeglio\/\",\"https:\/\/www.instagram.com\/demegliojewelry\/\"]}]}<\/script>\n<!-- \/ Yoast SEO plugin. -->","yoast_head_json":{"title":"Rendicontazione finanziaria - Demeglio","robots":{"index":"index","follow":"follow","max-snippet":"max-snippet:-1","max-image-preview":"max-image-preview:large","max-video-preview":"max-video-preview:-1"},"canonical":"https:\/\/www.demeglio.it\/en\/rendicontazione-finanziaria\/","og_locale":"en_US","og_type":"article","og_title":"Rendicontazione finanziaria - Demeglio","og_description":"RENDICONTAZIONE FINANZIARIA Demeglio spa, operante nel settore della produzione di gioielli, coerentemente con la volont\u00e0 della Direzione aziendale, dichiara il proprio impegno a gestire e sviluppare le proprie attivit\u00e0 in una costante attenzione e miglioramento continuo della qualit\u00e0 servizi nel rispetto dei Diritti Umani, dell\u2019Etica degli Affari, della salute e sicurezza nei luoghi di lavoro [&hellip;]","og_url":"https:\/\/www.demeglio.it\/en\/rendicontazione-finanziaria\/","og_site_name":"Demeglio","article_publisher":"https:\/\/www.facebook.com\/robertodemeglio\/","article_modified_time":"2026-04-01T07:20:15+00:00","twitter_card":"summary_large_image","twitter_misc":{"Est. reading time":"3 minutes"},"schema":{"@context":"https:\/\/schema.org","@graph":[{"@type":"WebPage","@id":"https:\/\/www.demeglio.it\/rendicontazione-finanziaria\/","url":"https:\/\/www.demeglio.it\/rendicontazione-finanziaria\/","name":"Rendicontazione finanziaria - Demeglio","isPartOf":{"@id":"https:\/\/www.demeglio.it\/en\/#website"},"datePublished":"2026-04-01T07:19:13+00:00","dateModified":"2026-04-01T07:20:15+00:00","breadcrumb":{"@id":"https:\/\/www.demeglio.it\/rendicontazione-finanziaria\/#breadcrumb"},"inLanguage":"en-US","potentialAction":[{"@type":"ReadAction","target":["https:\/\/www.demeglio.it\/rendicontazione-finanziaria\/"]}]},{"@type":"BreadcrumbList","@id":"https:\/\/www.demeglio.it\/rendicontazione-finanziaria\/#breadcrumb","itemListElement":[{"@type":"ListItem","position":1,"name":"Home","item":"https:\/\/www.demeglio.it\/"},{"@type":"ListItem","position":2,"name":"Rendicontazione finanziaria"}]},{"@type":"WebSite","@id":"https:\/\/www.demeglio.it\/en\/#website","url":"https:\/\/www.demeglio.it\/en\/","name":"Demeglio","description":"","publisher":{"@id":"https:\/\/www.demeglio.it\/en\/#organization"},"potentialAction":[{"@type":"SearchAction","target":{"@type":"EntryPoint","urlTemplate":"https:\/\/www.demeglio.it\/en\/?s={search_term_string}"},"query-input":"required name=search_term_string"}],"inLanguage":"en-US"},{"@type":"Organization","@id":"https:\/\/www.demeglio.it\/en\/#organization","name":"Demeglio","url":"https:\/\/www.demeglio.it\/en\/","logo":{"@type":"ImageObject","inLanguage":"en-US","@id":"https:\/\/www.demeglio.it\/en\/#\/schema\/logo\/image\/","url":"https:\/\/www.demeglio.it\/wp-content\/uploads\/2023\/11\/DEMEGLIO-LOGO-virgola.png","contentUrl":"https:\/\/www.demeglio.it\/wp-content\/uploads\/2023\/11\/DEMEGLIO-LOGO-virgola.png","width":1245,"height":757,"caption":"Demeglio"},"image":{"@id":"https:\/\/www.demeglio.it\/en\/#\/schema\/logo\/image\/"},"sameAs":["https:\/\/www.facebook.com\/robertodemeglio\/","https:\/\/www.instagram.com\/demegliojewelry\/"]}]}},"jetpack_sharing_enabled":true,"_links":{"self":[{"href":"https:\/\/www.demeglio.it\/en\/wp-json\/wp\/v2\/pages\/593391","targetHints":{"allow":["GET"]}}],"collection":[{"href":"https:\/\/www.demeglio.it\/en\/wp-json\/wp\/v2\/pages"}],"about":[{"href":"https:\/\/www.demeglio.it\/en\/wp-json\/wp\/v2\/types\/page"}],"author":[{"embeddable":true,"href":"https:\/\/www.demeglio.it\/en\/wp-json\/wp\/v2\/users\/1"}],"replies":[{"embeddable":true,"href":"https:\/\/www.demeglio.it\/en\/wp-json\/wp\/v2\/comments?post=593391"}],"version-history":[{"count":4,"href":"https:\/\/www.demeglio.it\/en\/wp-json\/wp\/v2\/pages\/593391\/revisions"}],"predecessor-version":[{"id":593407,"href":"https:\/\/www.demeglio.it\/en\/wp-json\/wp\/v2\/pages\/593391\/revisions\/593407"}],"wp:attachment":[{"href":"https:\/\/www.demeglio.it\/en\/wp-json\/wp\/v2\/media?parent=593391"}],"curies":[{"name":"wp","href":"https:\/\/api.w.org\/{rel}","templated":true}]}}